{"id":3983,"date":"2025-11-12T08:46:43","date_gmt":"2025-11-12T07:46:43","guid":{"rendered":"https:\/\/lead.se\/lead-member\/"},"modified":"2026-04-01T16:25:07","modified_gmt":"2026-04-01T14:25:07","slug":"lead-member","status":"publish","type":"page","link":"https:\/\/lead.se\/en\/lead-member\/","title":{"rendered":"LEAD Member"},"content":{"rendered":"","protected":false},"excerpt":{"rendered":"","protected":false},"author":1,"featured_media":0,"parent":0,"menu_order":0,"comment_status":"closed","ping_status":"closed","template":"template-portal.php","meta":{"_acf_changed":false,"inline_featured_image":false,"footnotes":""},"class_list":["post-3983","page","type-page","status-publish","hentry"],"acf":[],"yoast_head":"<!-- This site is optimized with the Yoast SEO Premium plugin v26.5 (Yoast SEO v27.0) - https:\/\/yoast.com\/product\/yoast-seo-premium-wordpress\/ -->\n<title>LEAD Member - LEAD<\/title>\n<meta name=\"robots\" content=\"index, follow, max-snippet:-1, max-image-preview:large, max-video-preview:-1\" \/>\n<link rel=\"canonical\" href=\"https:\/\/lead.se\/en\/lead-member\/\" \/>\n<meta property=\"og:locale\" content=\"en_US\" \/>\n<meta property=\"og:type\" content=\"article\" \/>\n<meta property=\"og:title\" content=\"LEAD Member\" \/>\n<meta property=\"og:url\" content=\"https:\/\/lead.se\/en\/lead-member\/\" \/>\n<meta property=\"og:site_name\" content=\"LEAD\" \/>\n<meta property=\"article:modified_time\" content=\"2026-04-01T14:25:07+00:00\" \/>\n<meta name=\"twitter:card\" content=\"summary_large_image\" \/>\n<script type=\"application\/ld+json\" class=\"yoast-schema-graph\">{\"@context\":\"https:\/\/schema.org\",\"@graph\":[{\"@type\":\"WebPage\",\"@id\":\"https:\/\/lead.se\/en\/lead-member\/\",\"url\":\"https:\/\/lead.se\/en\/lead-member\/\",\"name\":\"LEAD Member - LEAD\",\"isPartOf\":{\"@id\":\"https:\/\/lead.se\/#website\"},\"datePublished\":\"2025-11-12T07:46:43+00:00\",\"dateModified\":\"2026-04-01T14:25:07+00:00\",\"breadcrumb\":{\"@id\":\"https:\/\/lead.se\/en\/lead-member\/#breadcrumb\"},\"inLanguage\":\"en-US\",\"potentialAction\":[{\"@type\":\"ReadAction\",\"target\":[\"https:\/\/lead.se\/en\/lead-member\/\"]}]},{\"@type\":\"BreadcrumbList\",\"@id\":\"https:\/\/lead.se\/en\/lead-member\/#breadcrumb\",\"itemListElement\":[{\"@type\":\"ListItem\",\"position\":1,\"name\":\"Hem\",\"item\":\"https:\/\/lead.se\/en\/home\/\"},{\"@type\":\"ListItem\",\"position\":2,\"name\":\"LEAD Member\"}]},{\"@type\":\"WebSite\",\"@id\":\"https:\/\/lead.se\/#website\",\"url\":\"https:\/\/lead.se\/\",\"name\":\"LEAD\",\"description\":\"F\u00f6r tech-start som vill v\u00e4xa snabbare och s\u00e4krare.\",\"potentialAction\":[{\"@type\":\"SearchAction\",\"target\":{\"@type\":\"EntryPoint\",\"urlTemplate\":\"https:\/\/lead.se\/?s={search_term_string}\"},\"query-input\":{\"@type\":\"PropertyValueSpecification\",\"valueRequired\":true,\"valueName\":\"search_term_string\"}}],\"inLanguage\":\"en-US\"}]}<\/script>\n<!-- \/ Yoast SEO Premium plugin. -->","yoast_head_json":{"title":"LEAD Member - LEAD","robots":{"index":"index","follow":"follow","max-snippet":"max-snippet:-1","max-image-preview":"max-image-preview:large","max-video-preview":"max-video-preview:-1"},"canonical":"https:\/\/lead.se\/en\/lead-member\/","og_locale":"en_US","og_type":"article","og_title":"LEAD Member","og_url":"https:\/\/lead.se\/en\/lead-member\/","og_site_name":"LEAD","article_modified_time":"2026-04-01T14:25:07+00:00","twitter_card":"summary_large_image","schema":{"@context":"https:\/\/schema.org","@graph":[{"@type":"WebPage","@id":"https:\/\/lead.se\/en\/lead-member\/","url":"https:\/\/lead.se\/en\/lead-member\/","name":"LEAD Member - LEAD","isPartOf":{"@id":"https:\/\/lead.se\/#website"},"datePublished":"2025-11-12T07:46:43+00:00","dateModified":"2026-04-01T14:25:07+00:00","breadcrumb":{"@id":"https:\/\/lead.se\/en\/lead-member\/#breadcrumb"},"inLanguage":"en-US","potentialAction":[{"@type":"ReadAction","target":["https:\/\/lead.se\/en\/lead-member\/"]}]},{"@type":"BreadcrumbList","@id":"https:\/\/lead.se\/en\/lead-member\/#breadcrumb","itemListElement":[{"@type":"ListItem","position":1,"name":"Hem","item":"https:\/\/lead.se\/en\/home\/"},{"@type":"ListItem","position":2,"name":"LEAD Member"}]},{"@type":"WebSite","@id":"https:\/\/lead.se\/#website","url":"https:\/\/lead.se\/","name":"LEAD","description":"F\u00f6r tech-start som vill v\u00e4xa snabbare och s\u00e4krare.","potentialAction":[{"@type":"SearchAction","target":{"@type":"EntryPoint","urlTemplate":"https:\/\/lead.se\/?s={search_term_string}"},"query-input":{"@type":"PropertyValueSpecification","valueRequired":true,"valueName":"search_term_string"}}],"inLanguage":"en-US"}]}},"_links":{"self":[{"href":"https:\/\/lead.se\/en\/wp-json\/wp\/v2\/pages\/3983","targetHints":{"allow":["GET"]}}],"collection":[{"href":"https:\/\/lead.se\/en\/wp-json\/wp\/v2\/pages"}],"about":[{"href":"https:\/\/lead.se\/en\/wp-json\/wp\/v2\/types\/page"}],"author":[{"embeddable":true,"href":"https:\/\/lead.se\/en\/wp-json\/wp\/v2\/users\/1"}],"replies":[{"embeddable":true,"href":"https:\/\/lead.se\/en\/wp-json\/wp\/v2\/comments?post=3983"}],"version-history":[{"count":1,"href":"https:\/\/lead.se\/en\/wp-json\/wp\/v2\/pages\/3983\/revisions"}],"predecessor-version":[{"id":4443,"href":"https:\/\/lead.se\/en\/wp-json\/wp\/v2\/pages\/3983\/revisions\/4443"}],"wp:attachment":[{"href":"https:\/\/lead.se\/en\/wp-json\/wp\/v2\/media?parent=3983"}],"curies":[{"name":"wp","href":"https:\/\/api.w.org\/{rel}","templated":true}]}}