{"id":3944,"date":"2025-11-14T16:33:43","date_gmt":"2025-11-14T15:33:43","guid":{"rendered":"https:\/\/lead.se\/library\/"},"modified":"2025-12-03T13:09:39","modified_gmt":"2025-12-03T12:09:39","slug":"library","status":"publish","type":"page","link":"https:\/\/lead.se\/en\/lead-member\/library\/","title":{"rendered":"Library"},"content":{"rendered":"","protected":false},"excerpt":{"rendered":"","protected":false},"author":1,"featured_media":0,"parent":3983,"menu_order":0,"comment_status":"closed","ping_status":"closed","template":"template-portal.php","meta":{"_acf_changed":false,"inline_featured_image":false,"footnotes":""},"class_list":["post-3944","page","type-page","status-publish","hentry"],"acf":[],"yoast_head":"<!-- This site is optimized with the Yoast SEO Premium plugin v26.5 (Yoast SEO v27.0) - https:\/\/yoast.com\/product\/yoast-seo-premium-wordpress\/ -->\n<title>Library - LEAD<\/title>\n<meta name=\"robots\" content=\"index, follow, max-snippet:-1, max-image-preview:large, max-video-preview:-1\" \/>\n<link rel=\"canonical\" href=\"https:\/\/lead.se\/en\/lead-member\/library\/\" \/>\n<meta property=\"og:locale\" content=\"en_US\" \/>\n<meta property=\"og:type\" content=\"article\" \/>\n<meta property=\"og:title\" content=\"Library\" \/>\n<meta property=\"og:url\" content=\"https:\/\/lead.se\/en\/lead-member\/library\/\" \/>\n<meta property=\"og:site_name\" content=\"LEAD\" \/>\n<meta property=\"article:modified_time\" content=\"2025-12-03T12:09:39+00:00\" \/>\n<meta name=\"twitter:card\" content=\"summary_large_image\" \/>\n<script type=\"application\/ld+json\" class=\"yoast-schema-graph\">{\"@context\":\"https:\/\/schema.org\",\"@graph\":[{\"@type\":\"WebPage\",\"@id\":\"https:\/\/lead.se\/en\/lead-member\/library\/\",\"url\":\"https:\/\/lead.se\/en\/lead-member\/library\/\",\"name\":\"Library - LEAD\",\"isPartOf\":{\"@id\":\"https:\/\/lead.se\/#website\"},\"datePublished\":\"2025-11-14T15:33:43+00:00\",\"dateModified\":\"2025-12-03T12:09:39+00:00\",\"breadcrumb\":{\"@id\":\"https:\/\/lead.se\/en\/lead-member\/library\/#breadcrumb\"},\"inLanguage\":\"en-US\",\"potentialAction\":[{\"@type\":\"ReadAction\",\"target\":[\"https:\/\/lead.se\/en\/lead-member\/library\/\"]}]},{\"@type\":\"BreadcrumbList\",\"@id\":\"https:\/\/lead.se\/en\/lead-member\/library\/#breadcrumb\",\"itemListElement\":[{\"@type\":\"ListItem\",\"position\":1,\"name\":\"Hem\",\"item\":\"https:\/\/lead.se\/en\/home\/\"},{\"@type\":\"ListItem\",\"position\":2,\"name\":\"LEAD Member\",\"item\":\"https:\/\/lead.se\/en\/lead-member\/\"},{\"@type\":\"ListItem\",\"position\":3,\"name\":\"Library\"}]},{\"@type\":\"WebSite\",\"@id\":\"https:\/\/lead.se\/#website\",\"url\":\"https:\/\/lead.se\/\",\"name\":\"LEAD\",\"description\":\"F\u00f6r tech-start som vill v\u00e4xa snabbare och s\u00e4krare.\",\"potentialAction\":[{\"@type\":\"SearchAction\",\"target\":{\"@type\":\"EntryPoint\",\"urlTemplate\":\"https:\/\/lead.se\/?s={search_term_string}\"},\"query-input\":{\"@type\":\"PropertyValueSpecification\",\"valueRequired\":true,\"valueName\":\"search_term_string\"}}],\"inLanguage\":\"en-US\"}]}<\/script>\n<!-- \/ Yoast SEO Premium plugin. -->","yoast_head_json":{"title":"Library - LEAD","robots":{"index":"index","follow":"follow","max-snippet":"max-snippet:-1","max-image-preview":"max-image-preview:large","max-video-preview":"max-video-preview:-1"},"canonical":"https:\/\/lead.se\/en\/lead-member\/library\/","og_locale":"en_US","og_type":"article","og_title":"Library","og_url":"https:\/\/lead.se\/en\/lead-member\/library\/","og_site_name":"LEAD","article_modified_time":"2025-12-03T12:09:39+00:00","twitter_card":"summary_large_image","schema":{"@context":"https:\/\/schema.org","@graph":[{"@type":"WebPage","@id":"https:\/\/lead.se\/en\/lead-member\/library\/","url":"https:\/\/lead.se\/en\/lead-member\/library\/","name":"Library - LEAD","isPartOf":{"@id":"https:\/\/lead.se\/#website"},"datePublished":"2025-11-14T15:33:43+00:00","dateModified":"2025-12-03T12:09:39+00:00","breadcrumb":{"@id":"https:\/\/lead.se\/en\/lead-member\/library\/#breadcrumb"},"inLanguage":"en-US","potentialAction":[{"@type":"ReadAction","target":["https:\/\/lead.se\/en\/lead-member\/library\/"]}]},{"@type":"BreadcrumbList","@id":"https:\/\/lead.se\/en\/lead-member\/library\/#breadcrumb","itemListElement":[{"@type":"ListItem","position":1,"name":"Hem","item":"https:\/\/lead.se\/en\/home\/"},{"@type":"ListItem","position":2,"name":"LEAD Member","item":"https:\/\/lead.se\/en\/lead-member\/"},{"@type":"ListItem","position":3,"name":"Library"}]},{"@type":"WebSite","@id":"https:\/\/lead.se\/#website","url":"https:\/\/lead.se\/","name":"LEAD","description":"F\u00f6r tech-start som vill v\u00e4xa snabbare och s\u00e4krare.","potentialAction":[{"@type":"SearchAction","target":{"@type":"EntryPoint","urlTemplate":"https:\/\/lead.se\/?s={search_term_string}"},"query-input":{"@type":"PropertyValueSpecification","valueRequired":true,"valueName":"search_term_string"}}],"inLanguage":"en-US"}]}},"_links":{"self":[{"href":"https:\/\/lead.se\/en\/wp-json\/wp\/v2\/pages\/3944","targetHints":{"allow":["GET"]}}],"collection":[{"href":"https:\/\/lead.se\/en\/wp-json\/wp\/v2\/pages"}],"about":[{"href":"https:\/\/lead.se\/en\/wp-json\/wp\/v2\/types\/page"}],"author":[{"embeddable":true,"href":"https:\/\/lead.se\/en\/wp-json\/wp\/v2\/users\/1"}],"replies":[{"embeddable":true,"href":"https:\/\/lead.se\/en\/wp-json\/wp\/v2\/comments?post=3944"}],"version-history":[{"count":1,"href":"https:\/\/lead.se\/en\/wp-json\/wp\/v2\/pages\/3944\/revisions"}],"predecessor-version":[{"id":3984,"href":"https:\/\/lead.se\/en\/wp-json\/wp\/v2\/pages\/3944\/revisions\/3984"}],"up":[{"embeddable":true,"href":"https:\/\/lead.se\/en\/wp-json\/wp\/v2\/pages\/3983"}],"wp:attachment":[{"href":"https:\/\/lead.se\/en\/wp-json\/wp\/v2\/media?parent=3944"}],"curies":[{"name":"wp","href":"https:\/\/api.w.org\/{rel}","templated":true}]}}