{"id":3931,"date":"2025-11-18T08:15:26","date_gmt":"2025-11-18T07:15:26","guid":{"rendered":"https:\/\/lead.se\/past-events\/"},"modified":"2025-11-18T08:15:26","modified_gmt":"2025-11-18T07:15:26","slug":"past-events","status":"publish","type":"page","link":"https:\/\/lead.se\/en\/past-events\/","title":{"rendered":"Past events"},"content":{"rendered":"","protected":false},"excerpt":{"rendered":"","protected":false},"author":1,"featured_media":0,"parent":0,"menu_order":0,"comment_status":"closed","ping_status":"closed","template":"","meta":{"_acf_changed":false,"inline_featured_image":false,"footnotes":""},"class_list":["post-3931","page","type-page","status-publish","hentry"],"acf":[],"yoast_head":"<!-- This site is optimized with the Yoast SEO Premium plugin v26.5 (Yoast SEO v27.0) - https:\/\/yoast.com\/product\/yoast-seo-premium-wordpress\/ -->\n<title>Past events - LEAD<\/title>\n<meta name=\"robots\" content=\"index, follow, max-snippet:-1, max-image-preview:large, max-video-preview:-1\" \/>\n<link rel=\"canonical\" href=\"https:\/\/lead.se\/en\/past-events\/\" \/>\n<meta property=\"og:locale\" content=\"en_US\" \/>\n<meta property=\"og:type\" content=\"article\" \/>\n<meta property=\"og:title\" content=\"Past events\" \/>\n<meta property=\"og:url\" content=\"https:\/\/lead.se\/en\/past-events\/\" \/>\n<meta property=\"og:site_name\" content=\"LEAD\" \/>\n<meta name=\"twitter:card\" content=\"summary_large_image\" \/>\n<script type=\"application\/ld+json\" class=\"yoast-schema-graph\">{\"@context\":\"https:\/\/schema.org\",\"@graph\":[{\"@type\":\"WebPage\",\"@id\":\"https:\/\/lead.se\/en\/past-events\/\",\"url\":\"https:\/\/lead.se\/en\/past-events\/\",\"name\":\"Past events - LEAD\",\"isPartOf\":{\"@id\":\"https:\/\/lead.se\/#website\"},\"datePublished\":\"2025-11-18T07:15:26+00:00\",\"breadcrumb\":{\"@id\":\"https:\/\/lead.se\/en\/past-events\/#breadcrumb\"},\"inLanguage\":\"en-US\",\"potentialAction\":[{\"@type\":\"ReadAction\",\"target\":[\"https:\/\/lead.se\/en\/past-events\/\"]}]},{\"@type\":\"BreadcrumbList\",\"@id\":\"https:\/\/lead.se\/en\/past-events\/#breadcrumb\",\"itemListElement\":[{\"@type\":\"ListItem\",\"position\":1,\"name\":\"Hem\",\"item\":\"https:\/\/lead.se\/en\/home\/\"},{\"@type\":\"ListItem\",\"position\":2,\"name\":\"Past events\"}]},{\"@type\":\"WebSite\",\"@id\":\"https:\/\/lead.se\/#website\",\"url\":\"https:\/\/lead.se\/\",\"name\":\"LEAD\",\"description\":\"F\u00f6r tech-start som vill v\u00e4xa snabbare och s\u00e4krare.\",\"potentialAction\":[{\"@type\":\"SearchAction\",\"target\":{\"@type\":\"EntryPoint\",\"urlTemplate\":\"https:\/\/lead.se\/?s={search_term_string}\"},\"query-input\":{\"@type\":\"PropertyValueSpecification\",\"valueRequired\":true,\"valueName\":\"search_term_string\"}}],\"inLanguage\":\"en-US\"}]}<\/script>\n<!-- \/ Yoast SEO Premium plugin. -->","yoast_head_json":{"title":"Past events - LEAD","robots":{"index":"index","follow":"follow","max-snippet":"max-snippet:-1","max-image-preview":"max-image-preview:large","max-video-preview":"max-video-preview:-1"},"canonical":"https:\/\/lead.se\/en\/past-events\/","og_locale":"en_US","og_type":"article","og_title":"Past events","og_url":"https:\/\/lead.se\/en\/past-events\/","og_site_name":"LEAD","twitter_card":"summary_large_image","schema":{"@context":"https:\/\/schema.org","@graph":[{"@type":"WebPage","@id":"https:\/\/lead.se\/en\/past-events\/","url":"https:\/\/lead.se\/en\/past-events\/","name":"Past events - LEAD","isPartOf":{"@id":"https:\/\/lead.se\/#website"},"datePublished":"2025-11-18T07:15:26+00:00","breadcrumb":{"@id":"https:\/\/lead.se\/en\/past-events\/#breadcrumb"},"inLanguage":"en-US","potentialAction":[{"@type":"ReadAction","target":["https:\/\/lead.se\/en\/past-events\/"]}]},{"@type":"BreadcrumbList","@id":"https:\/\/lead.se\/en\/past-events\/#breadcrumb","itemListElement":[{"@type":"ListItem","position":1,"name":"Hem","item":"https:\/\/lead.se\/en\/home\/"},{"@type":"ListItem","position":2,"name":"Past events"}]},{"@type":"WebSite","@id":"https:\/\/lead.se\/#website","url":"https:\/\/lead.se\/","name":"LEAD","description":"F\u00f6r tech-start som vill v\u00e4xa snabbare och s\u00e4krare.","potentialAction":[{"@type":"SearchAction","target":{"@type":"EntryPoint","urlTemplate":"https:\/\/lead.se\/?s={search_term_string}"},"query-input":{"@type":"PropertyValueSpecification","valueRequired":true,"valueName":"search_term_string"}}],"inLanguage":"en-US"}]}},"_links":{"self":[{"href":"https:\/\/lead.se\/en\/wp-json\/wp\/v2\/pages\/3931","targetHints":{"allow":["GET"]}}],"collection":[{"href":"https:\/\/lead.se\/en\/wp-json\/wp\/v2\/pages"}],"about":[{"href":"https:\/\/lead.se\/en\/wp-json\/wp\/v2\/types\/page"}],"author":[{"embeddable":true,"href":"https:\/\/lead.se\/en\/wp-json\/wp\/v2\/users\/1"}],"replies":[{"embeddable":true,"href":"https:\/\/lead.se\/en\/wp-json\/wp\/v2\/comments?post=3931"}],"version-history":[{"count":0,"href":"https:\/\/lead.se\/en\/wp-json\/wp\/v2\/pages\/3931\/revisions"}],"wp:attachment":[{"href":"https:\/\/lead.se\/en\/wp-json\/wp\/v2\/media?parent=3931"}],"curies":[{"name":"wp","href":"https:\/\/api.w.org\/{rel}","templated":true}]}}